{"id":13564,"date":"2021-09-19T13:52:50","date_gmt":"2021-09-19T11:52:50","guid":{"rendered":"https:\/\/artscena.ba\/o-nama\/"},"modified":"2021-09-22T11:28:55","modified_gmt":"2021-09-22T09:28:55","slug":"about-us","status":"publish","type":"page","link":"https:\/\/artscena.ba\/en\/about-us\/","title":{"rendered":"About us"},"content":{"rendered":"\t\t<div data-elementor-type=\"wp-page\" data-elementor-id=\"13564\" class=\"elementor elementor-13564\">\n\t\t\t\t\t\t\t\t\t<section class=\"wd-negative-gap elementor-section elementor-top-section elementor-element elementor-element-140b17e5 elementor-section-boxed elementor-section-height-default elementor-section-height-default wd-section-disabled\" data-id=\"140b17e5\" data-element_type=\"section\">\n\t\t\t\t\t\t<div class=\"elementor-container elementor-column-gap-default\">\n\t\t\t\t\t<div class=\"elementor-column elementor-col-100 elementor-top-column elementor-element elementor-element-1a3c781d\" data-id=\"1a3c781d\" data-element_type=\"column\">\n\t\t\t<div class=\"elementor-widget-wrap elementor-element-populated\">\n\t\t\t\t\t\t\t\t\t<link rel=\"stylesheet\" id=\"wd-int-el-animations-css\" href=\"https:\/\/artscena.ba\/wp-content\/themes\/woodmart\/css\/parts\/int-elem-el-animations.min.css?ver=7.0.4\" type=\"text\/css\" media=\"all\" \/> \t\t\t\t\t<div class=\"elementor-element elementor-element-68becf00 elementor-invisible elementor-widget elementor-widget-wd_title\" data-id=\"68becf00\" data-element_type=\"widget\" data-settings=\"{&quot;_animation&quot;:&quot;fadeInUp&quot;}\" data-widget_type=\"wd_title.default\">\n\t\t\t\t<div class=\"elementor-widget-container\">\n\t\t\t\t\t\t<link rel=\"stylesheet\" id=\"wd-section-title-css\" href=\"https:\/\/artscena.ba\/wp-content\/themes\/woodmart\/css\/parts\/el-section-title.min.css?ver=7.0.4\" type=\"text\/css\" media=\"all\" \/> \t\t\t\t\t<div class=\"title-wrapper set-mb-s reset-last-child wd-title-color-default wd-title-style-default wd-title-size-extra-large text-left\">\n\n\t\t\t\n\t\t\t<div class=\"liner-continer\">\n\t\t\t\t<h2 class=\"woodmart-title-container title wd-fontsize-xxxl\">About us<span style=\"color: #c6aa55\">.<\/span><\/h2> \n\t\t\t\t\t\t\t<\/div>\n\n\t\t\t\t\t<\/div>\n\t\t\t\t<\/div>\n\t\t\t\t<\/div>\n\t\t\t\t\t<\/div>\n\t\t<\/div>\n\t\t\t\t\t\t\t<\/div>\n\t\t<\/section>\n\t\t\t\t<section class=\"wd-negative-gap elementor-section elementor-top-section elementor-element elementor-element-e3b8685 elementor-section-boxed elementor-section-height-default elementor-section-height-default wd-section-disabled\" data-id=\"e3b8685\" data-element_type=\"section\">\n\t\t\t\t\t\t<div class=\"elementor-container elementor-column-gap-wider\">\n\t\t\t\t\t<div class=\"elementor-column elementor-col-33 elementor-top-column elementor-element elementor-element-22e7ca8\" data-id=\"22e7ca8\" data-element_type=\"column\">\n\t\t\t<div class=\"elementor-widget-wrap elementor-element-populated\">\n\t\t\t\t\t\t\t\t<div class=\"elementor-element elementor-element-332dffe elementor-invisible elementor-widget elementor-widget-wd_title\" data-id=\"332dffe\" data-element_type=\"widget\" data-settings=\"{&quot;_animation&quot;:&quot;fadeInUp&quot;}\" data-widget_type=\"wd_title.default\">\n\t\t\t\t<div class=\"elementor-widget-container\">\n\t\t\t\t\t<div class=\"title-wrapper set-mb-s reset-last-child wd-title-color-default wd-title-style-default wd-title-size-small text-left\">\n\n\t\t\t\n\t\t\t<div class=\"liner-continer\">\n\t\t\t\t<h4 class=\"woodmart-title-container title wd-fontsize-m\">Ko smo mi?<\/h4> \n\t\t\t\t\t\t\t<\/div>\n\n\t\t\t\t\t\t\t<div class=\"title-after_title set-cont-mb-s reset-last-child wd-fontsize-xs\">\n\t\t\t\t\t<p>Udru\u017eenje za razvoj kulture, nauke i umjetnosti \"SCENA\" osnovano je 2013. godine sa sjedi\u0161tem u Sarajevu.<br \/>\u00a0<br \/>Udru\u017eenje \u201eScena\u201c osnovna je sa ciljem da pru\u017ei kompletnu uslugu u kreativnoj industriji.<\/p>\t\t\t\t<\/div>\n\t\t\t\t\t<\/div>\n\t\t\t\t<\/div>\n\t\t\t\t<\/div>\n\t\t\t\t\t<\/div>\n\t\t<\/div>\n\t\t\t\t<div class=\"elementor-column elementor-col-33 elementor-top-column elementor-element elementor-element-daf66b9\" data-id=\"daf66b9\" data-element_type=\"column\">\n\t\t\t<div class=\"elementor-widget-wrap elementor-element-populated\">\n\t\t\t\t\t\t\t\t<div class=\"elementor-element elementor-element-fd35ec2 elementor-invisible elementor-widget elementor-widget-wd_title\" data-id=\"fd35ec2\" data-element_type=\"widget\" data-settings=\"{&quot;_animation&quot;:&quot;fadeInUp&quot;}\" data-widget_type=\"wd_title.default\">\n\t\t\t\t<div class=\"elementor-widget-container\">\n\t\t\t\t\t<div class=\"title-wrapper set-mb-s reset-last-child wd-title-color-default wd-title-style-default wd-title-size-small text-left\">\n\n\t\t\t\n\t\t\t<div class=\"liner-continer\">\n\t\t\t\t<h4 class=\"woodmart-title-container title wd-fontsize-m\">\u0160ta radimo?<\/h4> \n\t\t\t\t\t\t\t<\/div>\n\n\t\t\t\t\t\t\t<div class=\"title-after_title set-cont-mb-s reset-last-child wd-fontsize-xs\">\n\t\t\t\t\tOd svog osnivanja uspje\u0161no se bavi proizvodnjom umjetni\u010dkih dijela, kratkih i dugih formi, reklama, predstava, izlo\u017ebi, performansa, te promovisanjem, organizovanjem i stavljanjem u funkciju specijalnih radionica namijenjenih za kreativno izra\u017eavanje mladih ljudi.\t\t\t\t<\/div>\n\t\t\t\t\t<\/div>\n\t\t\t\t<\/div>\n\t\t\t\t<\/div>\n\t\t\t\t\t<\/div>\n\t\t<\/div>\n\t\t\t\t<div class=\"elementor-column elementor-col-33 elementor-top-column elementor-element elementor-element-b9612b3 elementor-invisible\" data-id=\"b9612b3\" data-element_type=\"column\" data-settings=\"{&quot;animation&quot;:&quot;wd-anim-slide-from-bottom&quot;}\">\n\t\t\t<div class=\"elementor-widget-wrap elementor-element-populated\">\n\t\t\t\t\t\t\t\t<div class=\"elementor-element elementor-element-8798378 elementor-invisible elementor-widget elementor-widget-wd_title\" data-id=\"8798378\" data-element_type=\"widget\" data-settings=\"{&quot;_animation&quot;:&quot;fadeInUp&quot;}\" data-widget_type=\"wd_title.default\">\n\t\t\t\t<div class=\"elementor-widget-container\">\n\t\t\t\t\t<div class=\"title-wrapper set-mb-s reset-last-child wd-title-color-default wd-title-style-default wd-title-size-small text-left\">\n\n\t\t\t\n\t\t\t<div class=\"liner-continer\">\n\t\t\t\t<h4 class=\"woodmart-title-container title wd-fontsize-m\">na\u0161a misija?<\/h4> \n\t\t\t\t\t\t\t<\/div>\n\n\t\t\t\t\t\t\t<div class=\"title-after_title set-cont-mb-s reset-last-child wd-fontsize-xs\">\n\t\t\t\t\t<p>Osnovna misija Scene je da stvara projekte od regionalnog i internacionalnog zna\u010daja te na taj na\u010din doprinese dru\u0161tvu i njegovoj integraciji.<br \/>\u00a0<br \/>Do sada smo realizovali brojne projekte koji su upotpunili na\u0161u misiju.<\/p>\t\t\t\t<\/div>\n\t\t\t\t\t<\/div>\n\t\t\t\t<\/div>\n\t\t\t\t<\/div>\n\t\t\t\t\t<\/div>\n\t\t<\/div>\n\t\t\t\t\t\t\t<\/div>\n\t\t<\/section>\n\t\t\t\t<section class=\"wd-negative-gap elementor-section elementor-top-section elementor-element elementor-element-dfe2d18 elementor-section-boxed elementor-section-height-default elementor-section-height-default wd-section-disabled\" data-id=\"dfe2d18\" data-element_type=\"section\">\n\t\t\t\t\t\t<div class=\"elementor-container elementor-column-gap-default\">\n\t\t\t\t\t<div class=\"elementor-column elementor-col-100 elementor-top-column elementor-element elementor-element-65e5b2e\" data-id=\"65e5b2e\" data-element_type=\"column\">\n\t\t\t<div class=\"elementor-widget-wrap elementor-element-populated\">\n\t\t\t\t\t\t\t\t<div class=\"elementor-element elementor-element-06817ac elementor-align-left elementor-invisible elementor-widget elementor-widget-fd_advanced_button\" data-id=\"06817ac\" data-element_type=\"widget\" data-settings=\"{&quot;_animation&quot;:&quot;fadeInUp&quot;}\" data-widget_type=\"fd_advanced_button.default\">\n\t\t\t\t<div class=\"elementor-widget-container\">\n\t\t\t            <div class=\"single-button-wrapper\">\n                <a href=\"\/nasi-projekti\" class=\"elementor-button elementor-size-md single-button-normal style8\">\n\t\n                                            <span class=\"elementor-button-icon elementor-align-icon-left\">\n                           \t\t\n                        <\/span>\n                                        <span class=\"btn-hover\"><\/span>\n                    <span class=\"single-button-text\">our projects<\/span>\n                <\/a>\n                            <\/div>\n            \t\t<\/div>\n\t\t\t\t<\/div>\n\t\t\t\t\t<\/div>\n\t\t<\/div>\n\t\t\t\t\t\t\t<\/div>\n\t\t<\/section>\n\t\t\t\t\t\t\t<\/div>\n\t\t","protected":false},"excerpt":{"rendered":"<p>About us. Ko smo mi? Udru\u017eenje za razvoj kulture, nauke i umjetnosti &#8220;SCENA&#8221; osnovano je 2013. godine sa sjedi\u0161tem u<\/p>\n","protected":false},"author":1,"featured_media":0,"parent":0,"menu_order":0,"comment_status":"closed","ping_status":"closed","template":"","meta":{"footnotes":""},"class_list":["post-13564","page","type-page","status-publish","hentry"],"yoast_head":"<!-- This site is optimized with the Yoast SEO plugin v19.11 - https:\/\/yoast.com\/wordpress\/plugins\/seo\/ -->\n<title>About us - Scena<\/title>\n<meta name=\"robots\" content=\"index, follow, max-snippet:-1, max-image-preview:large, max-video-preview:-1\" \/>\n<link rel=\"canonical\" href=\"https:\/\/artscena.ba\/en\/about-us\/\" \/>\n<meta property=\"og:locale\" content=\"en_US\" \/>\n<meta property=\"og:type\" content=\"article\" \/>\n<meta property=\"og:title\" content=\"About us - Scena\" \/>\n<meta property=\"og:description\" content=\"About us. Ko smo mi? Udru\u017eenje za razvoj kulture, nauke i umjetnosti &#8220;SCENA&#8221; osnovano je 2013. godine sa sjedi\u0161tem u\" \/>\n<meta property=\"og:url\" content=\"https:\/\/artscena.ba\/en\/about-us\/\" \/>\n<meta property=\"og:site_name\" content=\"Scena\" \/>\n<meta property=\"article:modified_time\" content=\"2021-09-22T09:28:55+00:00\" \/>\n<meta property=\"og:image\" content=\"https:\/\/artscena.ba\/wp-content\/uploads\/2021\/09\/favicon.png\" \/>\n\t<meta property=\"og:image:width\" content=\"867\" \/>\n\t<meta property=\"og:image:height\" content=\"867\" \/>\n\t<meta property=\"og:image:type\" content=\"image\/png\" \/>\n<meta name=\"twitter:card\" content=\"summary_large_image\" \/>\n<meta name=\"twitter:label1\" content=\"Est. reading time\" \/>\n\t<meta name=\"twitter:data1\" content=\"1 minute\" \/>\n<script type=\"application\/ld+json\" class=\"yoast-schema-graph\">{\"@context\":\"https:\/\/schema.org\",\"@graph\":[{\"@type\":\"WebPage\",\"@id\":\"https:\/\/artscena.ba\/en\/about-us\/\",\"url\":\"https:\/\/artscena.ba\/en\/about-us\/\",\"name\":\"About us - Scena\",\"isPartOf\":{\"@id\":\"https:\/\/artscena.ba\/#website\"},\"datePublished\":\"2021-09-19T11:52:50+00:00\",\"dateModified\":\"2021-09-22T09:28:55+00:00\",\"breadcrumb\":{\"@id\":\"https:\/\/artscena.ba\/en\/about-us\/#breadcrumb\"},\"inLanguage\":\"en-US\",\"potentialAction\":[{\"@type\":\"ReadAction\",\"target\":[\"https:\/\/artscena.ba\/en\/about-us\/\"]}]},{\"@type\":\"BreadcrumbList\",\"@id\":\"https:\/\/artscena.ba\/en\/about-us\/#breadcrumb\",\"itemListElement\":[{\"@type\":\"ListItem\",\"position\":1,\"name\":\"Home\",\"item\":\"https:\/\/artscena.ba\/en\/\"},{\"@type\":\"ListItem\",\"position\":2,\"name\":\"About us\"}]},{\"@type\":\"WebSite\",\"@id\":\"https:\/\/artscena.ba\/#website\",\"url\":\"https:\/\/artscena.ba\/\",\"name\":\"Scena\",\"description\":\"Udru\u017eenje za razvoj  kulture, nauke  i umjetnosti\",\"potentialAction\":[{\"@type\":\"SearchAction\",\"target\":{\"@type\":\"EntryPoint\",\"urlTemplate\":\"https:\/\/artscena.ba\/?s={search_term_string}\"},\"query-input\":\"required name=search_term_string\"}],\"inLanguage\":\"en-US\"}]}<\/script>\n<!-- \/ Yoast SEO plugin. -->","yoast_head_json":{"title":"About us - Scena","robots":{"index":"index","follow":"follow","max-snippet":"max-snippet:-1","max-image-preview":"max-image-preview:large","max-video-preview":"max-video-preview:-1"},"canonical":"https:\/\/artscena.ba\/en\/about-us\/","og_locale":"en_US","og_type":"article","og_title":"About us - Scena","og_description":"About us. Ko smo mi? Udru\u017eenje za razvoj kulture, nauke i umjetnosti &#8220;SCENA&#8221; osnovano je 2013. godine sa sjedi\u0161tem u","og_url":"https:\/\/artscena.ba\/en\/about-us\/","og_site_name":"Scena","article_modified_time":"2021-09-22T09:28:55+00:00","og_image":[{"width":867,"height":867,"url":"https:\/\/artscena.ba\/wp-content\/uploads\/2021\/09\/favicon.png","type":"image\/png"}],"twitter_card":"summary_large_image","twitter_misc":{"Est. reading time":"1 minute"},"schema":{"@context":"https:\/\/schema.org","@graph":[{"@type":"WebPage","@id":"https:\/\/artscena.ba\/en\/about-us\/","url":"https:\/\/artscena.ba\/en\/about-us\/","name":"About us - Scena","isPartOf":{"@id":"https:\/\/artscena.ba\/#website"},"datePublished":"2021-09-19T11:52:50+00:00","dateModified":"2021-09-22T09:28:55+00:00","breadcrumb":{"@id":"https:\/\/artscena.ba\/en\/about-us\/#breadcrumb"},"inLanguage":"en-US","potentialAction":[{"@type":"ReadAction","target":["https:\/\/artscena.ba\/en\/about-us\/"]}]},{"@type":"BreadcrumbList","@id":"https:\/\/artscena.ba\/en\/about-us\/#breadcrumb","itemListElement":[{"@type":"ListItem","position":1,"name":"Home","item":"https:\/\/artscena.ba\/en\/"},{"@type":"ListItem","position":2,"name":"About us"}]},{"@type":"WebSite","@id":"https:\/\/artscena.ba\/#website","url":"https:\/\/artscena.ba\/","name":"Scena","description":"Udru\u017eenje za razvoj  kulture, nauke  i umjetnosti","potentialAction":[{"@type":"SearchAction","target":{"@type":"EntryPoint","urlTemplate":"https:\/\/artscena.ba\/?s={search_term_string}"},"query-input":"required name=search_term_string"}],"inLanguage":"en-US"}]}},"_links":{"self":[{"href":"https:\/\/artscena.ba\/en\/wp-json\/wp\/v2\/pages\/13564","targetHints":{"allow":["GET"]}}],"collection":[{"href":"https:\/\/artscena.ba\/en\/wp-json\/wp\/v2\/pages"}],"about":[{"href":"https:\/\/artscena.ba\/en\/wp-json\/wp\/v2\/types\/page"}],"author":[{"embeddable":true,"href":"https:\/\/artscena.ba\/en\/wp-json\/wp\/v2\/users\/1"}],"replies":[{"embeddable":true,"href":"https:\/\/artscena.ba\/en\/wp-json\/wp\/v2\/comments?post=13564"}],"version-history":[{"count":7,"href":"https:\/\/artscena.ba\/en\/wp-json\/wp\/v2\/pages\/13564\/revisions"}],"predecessor-version":[{"id":13574,"href":"https:\/\/artscena.ba\/en\/wp-json\/wp\/v2\/pages\/13564\/revisions\/13574"}],"wp:attachment":[{"href":"https:\/\/artscena.ba\/en\/wp-json\/wp\/v2\/media?parent=13564"}],"curies":[{"name":"wp","href":"https:\/\/api.w.org\/{rel}","templated":true}]}}